{"id":6282,"date":"2021-08-06T09:35:41","date_gmt":"2021-08-06T07:35:41","guid":{"rendered":"http:\/\/lotflightacademy.heronroboczy.e-kei.pl\/embraer-190\/"},"modified":"2022-04-11T16:46:06","modified_gmt":"2022-04-11T14:46:06","slug":"embraer-190","status":"publish","type":"page","link":"https:\/\/lotflightacademy.pl\/en\/embraer-190\/","title":{"rendered":"Embraer 190"},"content":{"rendered":"\t\t<div data-elementor-type=\"wp-post\" data-elementor-id=\"6282\" class=\"elementor elementor-6282 elementor-6266\" data-elementor-settings=\"[]\">\n\t\t\t\t\t\t<div class=\"elementor-inner\">\n\t\t\t\t\t\t\t<div class=\"elementor-section-wrap\">\n\t\t\t\t\t\t\t<section class=\"has_eae_slider elementor-section elementor-top-section elementor-element elementor-element-7cece12 elementor-section-boxed elementor-section-height-default elementor-section-height-default\" data-id=\"7cece12\" data-element_type=\"section\">\n\t\t\t\t\t\t<div class=\"elementor-container elementor-column-gap-default\">\n\t\t\t\t\t\t\t<div class=\"elementor-row\">\n\t\t\t\t\t<div class=\"has_eae_slider elementor-column elementor-col-100 elementor-top-column elementor-element elementor-element-18d6564\" data-id=\"18d6564\" data-element_type=\"column\">\n\t\t\t<div class=\"elementor-column-wrap elementor-element-populated\">\n\t\t\t\t\t\t\t<div class=\"elementor-widget-wrap\">\n\t\t\t\t\t\t<div class=\"elementor-element elementor-element-971c81e elementor-widget elementor-widget-text-editor\" data-id=\"971c81e\" data-element_type=\"widget\" data-widget_type=\"text-editor.default\">\n\t\t\t\t<div class=\"elementor-widget-container\">\n\t\t\t\t\t<div class=\"elementor-text-editor elementor-clearfix\"><p>Embraer 190 jest popularnym i nowoczesnym samolotem pasa\u017cerskim bliskiego i \u015bredniego zasi\u0119gu. W pe\u0142ni zas\u0142uguje na miano ekonomicznego, wygodnego i wszechstronnego odrzutowca, kt\u00f3ry ch\u0119tnie wykorzystuj\u0105 w swojej flocie najpopularniejsze linie lotnicze, w tym Polskie Linie Lotnicze LOT.<\/p><p>Zintegrowany symulator CAE Simfinity Embraer 190 FTD wyposa\u017cony jest w odwzorowany kokpit samolotu ze wszystkimi panelami i systemami kontroli system\u00f3w. Instrumenty pok\u0142adowe, awionika i systemy kontroli w pe\u0142ni odzwierciedlaj\u0105 charakterystyk\u0119 prawdziwego statku powietrznego. Urz\u0105dzenie jest profesjonalnym narz\u0119dziem szkoleniowym do zwi\u0119kszania kompetencji pilota przez mo\u017cliwo\u015b\u0107 praktycznego \u0107wiczenia procedur normalnych i nietypowych. Wykorzystanie w liniach lotniczych profesjonalnego urz\u0105dzenia tego typu, daje mo\u017cliwo\u015b\u0107 pilotom \u201eUczenia si\u0119 przez dzia\u0142anie\u201d, co bezpo\u015brednio przek\u0142ada si\u0119 do jeszcze wi\u0119kszej dba\u0142o\u015bci o komfort i bezpiecze\u0144stwo pasa\u017cer\u00f3w.<\/p><\/div>\n\t\t\t\t<\/div>\n\t\t\t\t<\/div>\n\t\t\t\t\t\t<\/div>\n\t\t\t\t\t<\/div>\n\t\t<\/div>\n\t\t\t\t\t\t\t\t<\/div>\n\t\t\t\t\t<\/div>\n\t\t<\/section>\n\t\t\t\t<section class=\"has_eae_slider elementor-section elementor-top-section elementor-element elementor-element-f197dd8 elementor-section-boxed elementor-section-height-default elementor-section-height-default\" data-id=\"f197dd8\" data-element_type=\"section\">\n\t\t\t\t\t\t<div class=\"elementor-container elementor-column-gap-default\">\n\t\t\t\t\t\t\t<div class=\"elementor-row\">\n\t\t\t\t\t<div class=\"has_eae_slider elementor-column elementor-col-50 elementor-top-column elementor-element elementor-element-705d5cb\" data-id=\"705d5cb\" data-element_type=\"column\">\n\t\t\t<div class=\"elementor-column-wrap elementor-element-populated\">\n\t\t\t\t\t\t\t<div class=\"elementor-widget-wrap\">\n\t\t\t\t\t\t<div class=\"elementor-element elementor-element-a71b618 elementor-widget elementor-widget-image\" data-id=\"a71b618\" data-element_type=\"widget\" data-widget_type=\"image.default\">\n\t\t\t\t<div class=\"elementor-widget-container\">\n\t\t\t\t\t<div class=\"elementor-image\">\n\t\t\t\t\t\t\t\t\t\t<img width=\"768\" height=\"1024\" src=\"https:\/\/lotflightacademy.pl\/wp-content\/uploads\/2022\/02\/6582c690-d7c1-4e43-9461-1f39e20a1a3f-768x1024.jpg\" class=\"attachment-large size-large\" alt=\"CAE Simfinity Embraer 190 FTD kokpit-szkolenie LOT Flight Academy\" loading=\"lazy\" srcset=\"https:\/\/lotflightacademy.pl\/wp-content\/uploads\/2022\/02\/6582c690-d7c1-4e43-9461-1f39e20a1a3f-768x1024.jpg 768w, https:\/\/lotflightacademy.pl\/wp-content\/uploads\/2022\/02\/6582c690-d7c1-4e43-9461-1f39e20a1a3f-225x300.jpg 225w, https:\/\/lotflightacademy.pl\/wp-content\/uploads\/2022\/02\/6582c690-d7c1-4e43-9461-1f39e20a1a3f-1152x1536.jpg 1152w, https:\/\/lotflightacademy.pl\/wp-content\/uploads\/2022\/02\/6582c690-d7c1-4e43-9461-1f39e20a1a3f.jpg 1200w\" sizes=\"(max-width: 768px) 100vw, 768px\" \/>\t\t\t\t\t\t\t\t\t\t\t<\/div>\n\t\t\t\t<\/div>\n\t\t\t\t<\/div>\n\t\t\t\t\t\t<\/div>\n\t\t\t\t\t<\/div>\n\t\t<\/div>\n\t\t\t\t<div class=\"has_eae_slider elementor-column elementor-col-50 elementor-top-column elementor-element elementor-element-1777330\" data-id=\"1777330\" data-element_type=\"column\">\n\t\t\t<div class=\"elementor-column-wrap elementor-element-populated\">\n\t\t\t\t\t\t\t<div class=\"elementor-widget-wrap\">\n\t\t\t\t\t\t<div class=\"elementor-element elementor-element-c6e2870 elementor-widget elementor-widget-image\" data-id=\"c6e2870\" data-element_type=\"widget\" data-widget_type=\"image.default\">\n\t\t\t\t<div class=\"elementor-widget-container\">\n\t\t\t\t\t<div class=\"elementor-image\">\n\t\t\t\t\t\t\t\t\t\t<img width=\"768\" height=\"1024\" src=\"https:\/\/lotflightacademy.pl\/wp-content\/uploads\/2022\/02\/IMG_7682-768x1024.jpg\" class=\"attachment-large size-large\" alt=\"CAE Simfinity Embraer 190 FTD\" loading=\"lazy\" srcset=\"https:\/\/lotflightacademy.pl\/wp-content\/uploads\/2022\/02\/IMG_7682-768x1024.jpg 768w, https:\/\/lotflightacademy.pl\/wp-content\/uploads\/2022\/02\/IMG_7682-225x300.jpg 225w, https:\/\/lotflightacademy.pl\/wp-content\/uploads\/2022\/02\/IMG_7682-1152x1536.jpg 1152w, https:\/\/lotflightacademy.pl\/wp-content\/uploads\/2022\/02\/IMG_7682.jpg 1536w\" sizes=\"(max-width: 768px) 100vw, 768px\" \/>\t\t\t\t\t\t\t\t\t\t\t<\/div>\n\t\t\t\t<\/div>\n\t\t\t\t<\/div>\n\t\t\t\t\t\t<\/div>\n\t\t\t\t\t<\/div>\n\t\t<\/div>\n\t\t\t\t\t\t\t\t<\/div>\n\t\t\t\t\t<\/div>\n\t\t<\/section>\n\t\t\t\t\t\t<\/div>\n\t\t\t\t\t\t<\/div>\n\t\t\t\t\t<\/div>\n\t\t","protected":false},"excerpt":{"rendered":"<p>Embraer 190 jest popularnym i nowoczesnym samolotem pasa\u017cerskim bliskiego i \u015bredniego zasi\u0119gu. W pe\u0142ni zas\u0142uguje na miano ekonomicznego, wygodnego i wszechstronnego odrzutowca, kt\u00f3ry ch\u0119tnie wykorzystuj\u0105 w swojej flocie najpopularniejsze linie lotnicze, w tym Polskie Linie Lotnicze LOT. Zintegrowany symulator CAE Simfinity Embraer 190 FTD wyposa\u017cony jest w odwzorowany kokpit samolotu ze wszystkimi panelami i systemami &#8230;<\/p>\n","protected":false},"author":2,"featured_media":6442,"parent":0,"menu_order":0,"comment_status":"closed","ping_status":"closed","template":"simplepage-template.php","meta":[],"_links":{"self":[{"href":"https:\/\/lotflightacademy.pl\/en\/wp-json\/wp\/v2\/pages\/6282"}],"collection":[{"href":"https:\/\/lotflightacademy.pl\/en\/wp-json\/wp\/v2\/pages"}],"about":[{"href":"https:\/\/lotflightacademy.pl\/en\/wp-json\/wp\/v2\/types\/page"}],"author":[{"embeddable":true,"href":"https:\/\/lotflightacademy.pl\/en\/wp-json\/wp\/v2\/users\/2"}],"replies":[{"embeddable":true,"href":"https:\/\/lotflightacademy.pl\/en\/wp-json\/wp\/v2\/comments?post=6282"}],"version-history":[{"count":11,"href":"https:\/\/lotflightacademy.pl\/en\/wp-json\/wp\/v2\/pages\/6282\/revisions"}],"predecessor-version":[{"id":6693,"href":"https:\/\/lotflightacademy.pl\/en\/wp-json\/wp\/v2\/pages\/6282\/revisions\/6693"}],"wp:featuredmedia":[{"embeddable":true,"href":"https:\/\/lotflightacademy.pl\/en\/wp-json\/wp\/v2\/media\/6442"}],"wp:attachment":[{"href":"https:\/\/lotflightacademy.pl\/en\/wp-json\/wp\/v2\/media?parent=6282"}],"curies":[{"name":"wp","href":"https:\/\/api.w.org\/{rel}","templated":true}]}}